{"id":1255,"date":"2023-04-14T07:37:47","date_gmt":"2023-04-14T07:37:47","guid":{"rendered":"https:\/\/decolletatgesabadell.com\/staging\/contacte\/"},"modified":"2024-07-01T06:03:40","modified_gmt":"2024-07-01T06:03:40","slug":"contacto","status":"publish","type":"page","link":"https:\/\/decolletatgesabadell.com\/es\/contacto\/","title":{"rendered":"Contacto"},"content":{"rendered":"\t\t<div data-elementor-type=\"wp-page\" data-elementor-id=\"1255\" class=\"elementor elementor-1255 elementor-767\" data-elementor-settings=\"{&quot;ha_cmc_init_switcher&quot;:&quot;no&quot;}\">\n\t\t\t\t\t\t<section class=\"elementor-section elementor-top-section elementor-element elementor-element-f705e5b elementor-section-full_width elementor-section-height-min-height elementor-section-height-default elementor-section-items-middle\" data-id=\"f705e5b\" data-element_type=\"section\" data-e-type=\"section\" data-settings=\"{&quot;background_background&quot;:&quot;classic&quot;,&quot;_ha_eqh_enable&quot;:false}\">\n\t\t\t\t\t\t\t<div class=\"elementor-background-overlay\"><\/div>\n\t\t\t\t\t\t\t<div class=\"elementor-container elementor-column-gap-default\">\n\t\t\t\t\t<div class=\"elementor-column elementor-col-100 elementor-top-column elementor-element elementor-element-81e03bf\" data-id=\"81e03bf\" data-element_type=\"column\" data-e-type=\"column\">\n\t\t\t<div class=\"elementor-widget-wrap elementor-element-populated\">\n\t\t\t\t\t\t<section class=\"elementor-section elementor-inner-section elementor-element elementor-element-407d815 animated-slow elementor-section-boxed elementor-section-height-default elementor-section-height-default elementor-invisible\" data-id=\"407d815\" data-element_type=\"section\" data-e-type=\"section\" data-settings=\"{&quot;animation&quot;:&quot;fadeIn&quot;,&quot;_ha_eqh_enable&quot;:false}\">\n\t\t\t\t\t\t<div class=\"elementor-container elementor-column-gap-default\">\n\t\t\t\t\t<div class=\"elementor-column elementor-col-66 elementor-inner-column elementor-element elementor-element-7613751\" data-id=\"7613751\" data-element_type=\"column\" data-e-type=\"column\">\n\t\t\t<div class=\"elementor-widget-wrap elementor-element-populated\">\n\t\t\t\t\t\t<div class=\"elementor-element elementor-element-2ecf9a7 elementor-widget elementor-widget-heading\" data-id=\"2ecf9a7\" data-element_type=\"widget\" data-e-type=\"widget\" data-widget_type=\"heading.default\">\n\t\t\t\t<div class=\"elementor-widget-container\">\n\t\t\t\t\t<h2 class=\"elementor-heading-title elementor-size-default\">Contacto<\/h2>\t\t\t\t<\/div>\n\t\t\t\t<\/div>\n\t\t\t\t<div class=\"elementor-element elementor-element-3bb6c2a elementor-widget elementor-widget-heading\" data-id=\"3bb6c2a\" data-element_type=\"widget\" data-e-type=\"widget\" data-widget_type=\"heading.default\">\n\t\t\t\t<div class=\"elementor-widget-container\">\n\t\t\t\t\t<h4 class=\"elementor-heading-title elementor-size-default\">Ahora que nos conoces, cont\u00e1ctanos!<\/h4>\t\t\t\t<\/div>\n\t\t\t\t<\/div>\n\t\t\t\t\t<\/div>\n\t\t<\/div>\n\t\t\t\t<div class=\"elementor-column elementor-col-33 elementor-inner-column elementor-element elementor-element-ee293aa\" data-id=\"ee293aa\" data-element_type=\"column\" data-e-type=\"column\">\n\t\t\t<div class=\"elementor-widget-wrap\">\n\t\t\t\t\t\t\t<\/div>\n\t\t<\/div>\n\t\t\t\t\t<\/div>\n\t\t<\/section>\n\t\t\t\t\t<\/div>\n\t\t<\/div>\n\t\t\t\t\t<\/div>\n\t\t<\/section>\n\t\t\t\t<section class=\"elementor-section elementor-top-section elementor-element elementor-element-a98b94d elementor-section-boxed elementor-section-height-default elementor-section-height-default\" data-id=\"a98b94d\" data-element_type=\"section\" data-e-type=\"section\" data-settings=\"{&quot;_ha_eqh_enable&quot;:false}\">\n\t\t\t\t\t\t<div class=\"elementor-container elementor-column-gap-default\">\n\t\t\t\t\t<div class=\"elementor-column elementor-col-100 elementor-top-column elementor-element elementor-element-b8503ec\" data-id=\"b8503ec\" data-element_type=\"column\" data-e-type=\"column\">\n\t\t\t<div class=\"elementor-widget-wrap elementor-element-populated\">\n\t\t\t\t\t\t<div class=\"elementor-element elementor-element-7dc0c7e elementor-widget elementor-widget-spacer\" data-id=\"7dc0c7e\" data-element_type=\"widget\" data-e-type=\"widget\" data-widget_type=\"spacer.default\">\n\t\t\t\t<div class=\"elementor-widget-container\">\n\t\t\t\t\t\t\t<div class=\"elementor-spacer\">\n\t\t\t<div class=\"elementor-spacer-inner\"><\/div>\n\t\t<\/div>\n\t\t\t\t\t\t<\/div>\n\t\t\t\t<\/div>\n\t\t\t\t<div class=\"elementor-element elementor-element-05b6c97 elementor-widget elementor-widget-heading\" data-id=\"05b6c97\" data-element_type=\"widget\" data-e-type=\"widget\" data-widget_type=\"heading.default\">\n\t\t\t\t<div class=\"elementor-widget-container\">\n\t\t\t\t\t<h2 class=\"elementor-heading-title elementor-size-default\">Siempre en contacto<\/h2>\t\t\t\t<\/div>\n\t\t\t\t<\/div>\n\t\t\t\t\t<\/div>\n\t\t<\/div>\n\t\t\t\t\t<\/div>\n\t\t<\/section>\n\t\t\t\t<section class=\"elementor-section elementor-top-section elementor-element elementor-element-ee0840f elementor-section-boxed elementor-section-height-default elementor-section-height-default\" data-id=\"ee0840f\" data-element_type=\"section\" data-e-type=\"section\" data-settings=\"{&quot;_ha_eqh_enable&quot;:false}\">\n\t\t\t\t\t\t<div class=\"elementor-container elementor-column-gap-default\">\n\t\t\t\t\t<div class=\"elementor-column elementor-col-100 elementor-top-column elementor-element elementor-element-b8b8f74\" data-id=\"b8b8f74\" data-element_type=\"column\" data-e-type=\"column\">\n\t\t\t<div class=\"elementor-widget-wrap elementor-element-populated\">\n\t\t\t\t\t\t<div class=\"elementor-element elementor-element-4490367 elementor-widget elementor-widget-spacer\" data-id=\"4490367\" data-element_type=\"widget\" data-e-type=\"widget\" data-widget_type=\"spacer.default\">\n\t\t\t\t<div class=\"elementor-widget-container\">\n\t\t\t\t\t\t\t<div class=\"elementor-spacer\">\n\t\t\t<div class=\"elementor-spacer-inner\"><\/div>\n\t\t<\/div>\n\t\t\t\t\t\t<\/div>\n\t\t\t\t<\/div>\n\t\t\t\t\t<\/div>\n\t\t<\/div>\n\t\t\t\t\t<\/div>\n\t\t<\/section>\n\t\t\t\t<section class=\"elementor-section elementor-top-section elementor-element elementor-element-3bb2443 elementor-section-boxed elementor-section-height-default elementor-section-height-default\" data-id=\"3bb2443\" data-element_type=\"section\" data-e-type=\"section\" data-settings=\"{&quot;_ha_eqh_enable&quot;:false}\">\n\t\t\t\t\t\t<div class=\"elementor-container elementor-column-gap-default\">\n\t\t\t\t\t<div class=\"elementor-column elementor-col-50 elementor-top-column elementor-element elementor-element-12fc70e\" data-id=\"12fc70e\" data-element_type=\"column\" data-e-type=\"column\">\n\t\t\t<div class=\"elementor-widget-wrap elementor-element-populated\">\n\t\t\t\t\t\t<div class=\"elementor-element elementor-element-57a4a9a elementor-widget elementor-widget-heading\" data-id=\"57a4a9a\" data-element_type=\"widget\" data-e-type=\"widget\" data-widget_type=\"heading.default\">\n\t\t\t\t<div class=\"elementor-widget-container\">\n\t\t\t\t\t<h3 class=\"elementor-heading-title elementor-size-default\">Sede Central<\/h3>\t\t\t\t<\/div>\n\t\t\t\t<\/div>\n\t\t\t\t<div class=\"elementor-element elementor-element-293b11e elementor-widget elementor-widget-text-editor\" data-id=\"293b11e\" data-element_type=\"widget\" data-e-type=\"widget\" data-widget_type=\"text-editor.default\">\n\t\t\t\t<div class=\"elementor-widget-container\">\n\t\t\t\t\t\t\t\t\t<p>Carrer de Sant Sebasti\u00e0, 167 &#8211; 08203 \u2013 Sabadell, Barcelona<\/p>\t\t\t\t\t\t\t\t<\/div>\n\t\t\t\t<\/div>\n\t\t\t\t\t<\/div>\n\t\t<\/div>\n\t\t\t\t<div class=\"elementor-column elementor-col-50 elementor-top-column elementor-element elementor-element-3eba9cc\" data-id=\"3eba9cc\" data-element_type=\"column\" data-e-type=\"column\">\n\t\t\t<div class=\"elementor-widget-wrap elementor-element-populated\">\n\t\t\t\t\t\t<div class=\"elementor-element elementor-element-5de589f elementor-widget elementor-widget-heading\" data-id=\"5de589f\" data-element_type=\"widget\" data-e-type=\"widget\" data-widget_type=\"heading.default\">\n\t\t\t\t<div class=\"elementor-widget-container\">\n\t\t\t\t\t<h3 class=\"elementor-heading-title elementor-size-default\">Contacto<\/h3>\t\t\t\t<\/div>\n\t\t\t\t<\/div>\n\t\t\t\t<div class=\"elementor-element elementor-element-89ee04f elementor-icon-list--layout-traditional elementor-list-item-link-full_width elementor-widget elementor-widget-icon-list\" data-id=\"89ee04f\" data-element_type=\"widget\" data-e-type=\"widget\" data-widget_type=\"icon-list.default\">\n\t\t\t\t<div class=\"elementor-widget-container\">\n\t\t\t\t\t\t\t<ul class=\"elementor-icon-list-items\">\n\t\t\t\t\t\t\t<li class=\"elementor-icon-list-item\">\n\t\t\t\t\t\t\t\t\t\t\t<a href=\"mailto:%20deco@decosabadell.cat\">\n\n\t\t\t\t\t\t\t\t\t\t\t\t<span class=\"elementor-icon-list-icon\">\n\t\t\t\t\t\t\t<i aria-hidden=\"true\" class=\"icon icon-email1\"><\/i>\t\t\t\t\t\t<\/span>\n\t\t\t\t\t\t\t\t\t\t<span class=\"elementor-icon-list-text\"> deco@decosabadell.cat<\/span>\n\t\t\t\t\t\t\t\t\t\t\t<\/a>\n\t\t\t\t\t\t\t\t\t<\/li>\n\t\t\t\t\t\t\t\t<li class=\"elementor-icon-list-item\">\n\t\t\t\t\t\t\t\t\t\t\t<span class=\"elementor-icon-list-icon\">\n\t\t\t\t\t\t\t<i aria-hidden=\"true\" class=\"hm hm-phone\"><\/i>\t\t\t\t\t\t<\/span>\n\t\t\t\t\t\t\t\t\t\t<span class=\"elementor-icon-list-text\">+34 937 25 33 55<\/span>\n\t\t\t\t\t\t\t\t\t<\/li>\n\t\t\t\t\t\t<\/ul>\n\t\t\t\t\t\t<\/div>\n\t\t\t\t<\/div>\n\t\t\t\t\t<\/div>\n\t\t<\/div>\n\t\t\t\t\t<\/div>\n\t\t<\/section>\n\t\t\t\t<section class=\"elementor-section elementor-top-section elementor-element elementor-element-7c696a7 elementor-section-boxed elementor-section-height-default elementor-section-height-default\" data-id=\"7c696a7\" data-element_type=\"section\" data-e-type=\"section\" data-settings=\"{&quot;_ha_eqh_enable&quot;:false}\">\n\t\t\t\t\t\t<div class=\"elementor-container elementor-column-gap-default\">\n\t\t\t\t\t<div class=\"elementor-column elementor-col-50 elementor-top-column elementor-element elementor-element-24664b2\" data-id=\"24664b2\" data-element_type=\"column\" data-e-type=\"column\">\n\t\t\t<div class=\"elementor-widget-wrap elementor-element-populated\">\n\t\t\t\t\t\t<div class=\"elementor-element elementor-element-3c27026 elementor-widget elementor-widget-text-editor\" data-id=\"3c27026\" data-element_type=\"widget\" data-e-type=\"widget\" data-widget_type=\"text-editor.default\">\n\t\t\t\t<div class=\"elementor-widget-container\">\n\t\t\t\t\t\t\t\t\t<div class=\"wpb_text_column wpb_content_element \"><h3 class=\"wpb_wrapper\">D\u00e9janos un mensaje y nos pondremos en contacto contigo.<\/h3><\/div>\t\t\t\t\t\t\t\t<\/div>\n\t\t\t\t<\/div>\n\t\t\t\t<div class=\"elementor-element elementor-element-277a5a1 elementor-widget elementor-widget-ha-cf7 happy-addon ha-cf7\" data-id=\"277a5a1\" data-element_type=\"widget\" data-e-type=\"widget\" data-widget_type=\"ha-cf7.default\">\n\t\t\t\t<div class=\"elementor-widget-container\">\n\t\t\t\t\t\n<div class=\"wpcf7 no-js\" id=\"wpcf7-f1328-o1\" lang=\"es-ES\" dir=\"ltr\" data-wpcf7-id=\"1328\">\n<div class=\"screen-reader-response\"><p role=\"status\" aria-live=\"polite\" aria-atomic=\"true\"><\/p> <ul><\/ul><\/div>\n<form action=\"\/es\/wp-json\/wp\/v2\/pages\/1255#wpcf7-f1328-o1\" method=\"post\" class=\"wpcf7-form init ha-cf7-form\" aria-label=\"Formulario de contacto\" novalidate=\"novalidate\" data-status=\"init\">\n<fieldset class=\"hidden-fields-container\"><input type=\"hidden\" name=\"_wpcf7\" value=\"1328\" \/><input type=\"hidden\" name=\"_wpcf7_version\" value=\"6.1.5\" \/><input type=\"hidden\" name=\"_wpcf7_locale\" value=\"es_ES\" \/><input type=\"hidden\" name=\"_wpcf7_unit_tag\" value=\"wpcf7-f1328-o1\" \/><input type=\"hidden\" name=\"_wpcf7_container_post\" value=\"0\" \/><input type=\"hidden\" name=\"_wpcf7_posted_data_hash\" value=\"\" \/><input type=\"hidden\" name=\"_wpcf7_recaptcha_response\" value=\"\" \/>\n<\/fieldset>\n<p><label> Nombre<br \/>\n<span class=\"wpcf7-form-control-wrap\" data-name=\"your-name\"><input size=\"40\" maxlength=\"400\" class=\"wpcf7-form-control wpcf7-text wpcf7-validates-as-required\" autocomplete=\"name\" aria-required=\"true\" aria-invalid=\"false\" value=\"\" type=\"text\" name=\"your-name\" \/><\/span> <\/label>\n<\/p>\n<p><label> Email<br \/>\n<span class=\"wpcf7-form-control-wrap\" data-name=\"your-email\"><input size=\"40\" maxlength=\"400\" class=\"wpcf7-form-control wpcf7-email wpcf7-validates-as-required wpcf7-text wpcf7-validates-as-email\" autocomplete=\"email\" aria-required=\"true\" aria-invalid=\"false\" value=\"\" type=\"email\" name=\"your-email\" \/><\/span> <\/label>\n<\/p>\n<p><label> Tel\u00e9fono<br \/>\n<span class=\"wpcf7-form-control-wrap\" data-name=\"telefono\"><input size=\"40\" maxlength=\"400\" class=\"wpcf7-form-control wpcf7-tel wpcf7-validates-as-required wpcf7-text wpcf7-validates-as-tel\" autocomplete=\"telefono\" aria-required=\"true\" aria-invalid=\"false\" value=\"\" type=\"tel\" name=\"telefono\" \/><\/span> <\/label>\n<\/p>\n<p><label> Mensaje<br \/>\n<span class=\"wpcf7-form-control-wrap\" data-name=\"your-message\"><textarea cols=\"40\" rows=\"10\" maxlength=\"2000\" class=\"wpcf7-form-control wpcf7-textarea\" aria-invalid=\"false\" name=\"your-message\"><\/textarea><\/span> <\/label>\n<\/p>\n<div class=\"bt-privacy\">\n\t<p><span class=\"wpcf7-form-control-wrap\" data-name=\"accept-this\"><span class=\"wpcf7-form-control wpcf7-acceptance\"><span class=\"wpcf7-list-item\"><label><input type=\"checkbox\" name=\"accept-this\" value=\"1\" aria-invalid=\"false\" \/><span class=\"wpcf7-list-item-label\"><h6 style=\"color:#333333;\">He le\u00eddo y acepto <a href=\"\/privacy-policy\/\" target=\"_blank\">la Privacy Policy<\/a><\/span><\/label><\/span><\/span><\/span>\n\t<\/p>\n<\/div>\n<p><input class=\"wpcf7-form-control wpcf7-submit has-spinner\" type=\"submit\" value=\"Enviar\" \/>\n<\/p><div class=\"wpcf7-response-output\" aria-hidden=\"true\"><\/div>\n<\/form>\n<\/div>\n\t\t\t\t<\/div>\n\t\t\t\t<\/div>\n\t\t\t\t\t<\/div>\n\t\t<\/div>\n\t\t\t\t<div class=\"elementor-column elementor-col-50 elementor-top-column elementor-element elementor-element-99d7b91\" data-id=\"99d7b91\" data-element_type=\"column\" data-e-type=\"column\">\n\t\t\t<div class=\"elementor-widget-wrap elementor-element-populated\">\n\t\t\t\t\t\t<div class=\"elementor-element elementor-element-9866fd2 elementor-widget elementor-widget-google_maps\" data-id=\"9866fd2\" data-element_type=\"widget\" data-e-type=\"widget\" data-widget_type=\"google_maps.default\">\n\t\t\t\t<div class=\"elementor-widget-container\">\n\t\t\t\t\t\t\t<div class=\"elementor-custom-embed\">\n\t\t\t<iframe loading=\"lazy\"\n\t\t\t\t\tsrc=\"https:\/\/maps.google.com\/maps?q=Carrer%20de%20Sant%20Sebasti%C3%A0%2C%20167%2008203%20%E2%80%93%20Sabadell%2C%20Barcelona&#038;t=m&#038;z=14&#038;output=embed&#038;iwloc=near\"\n\t\t\t\t\ttitle=\"Carrer de Sant Sebasti\u00e0, 167 08203 \u2013 Sabadell, Barcelona\"\n\t\t\t\t\taria-label=\"Carrer de Sant Sebasti\u00e0, 167 08203 \u2013 Sabadell, Barcelona\"\n\t\t\t><\/iframe>\n\t\t<\/div>\n\t\t\t\t\t\t<\/div>\n\t\t\t\t<\/div>\n\t\t\t\t\t<\/div>\n\t\t<\/div>\n\t\t\t\t\t<\/div>\n\t\t<\/section>\n\t\t\t\t<\/div>\n\t\t","protected":false},"excerpt":{"rendered":"<p>Contacto Ahora que nos conoces, cont\u00e1ctanos! Siempre en contacto Sede Central Carrer de Sant Sebasti\u00e0, 167 &#8211; 08203 \u2013 Sabadell, Barcelona Contacto deco@decosabadell.cat +34 937 25 33 55 D\u00e9janos un mensaje y nos pondremos en contacto contigo. Nombre Email Tel\u00e9fono Mensaje He le\u00eddo y acepto la Privacy Policy &#916;<\/p>\n","protected":false},"author":2,"featured_media":1137,"parent":0,"menu_order":0,"comment_status":"closed","ping_status":"closed","template":"elementor_header_footer","meta":{"content-type":"","footnotes":""},"class_list":["post-1255","page","type-page","status-publish","has-post-thumbnail","hentry"],"yoast_head":"<!-- This site is optimized with the Yoast SEO plugin v27.4 - https:\/\/yoast.com\/product\/yoast-seo-wordpress\/ -->\n<title>Contacto - Decolletatge Sabadell<\/title>\n<meta name=\"description\" content=\"La nostra pol\u00edtica de qualitat reflecteix la nostra preocupaci\u00f3 global per l&#039;empresa i per tots aquells agents que hi interactuen.\" \/>\n<meta name=\"robots\" content=\"index, follow, max-snippet:-1, max-image-preview:large, max-video-preview:-1\" \/>\n<link rel=\"canonical\" href=\"https:\/\/decolletatgesabadell.com\/contacte\/\" \/>\n<meta property=\"og:locale\" content=\"es_ES\" \/>\n<meta property=\"og:type\" content=\"article\" \/>\n<meta property=\"og:title\" content=\"Contacto - Decolletatge Sabadell\" \/>\n<meta property=\"og:description\" content=\"La nostra pol\u00edtica de qualitat reflecteix la nostra preocupaci\u00f3 global per l&#039;empresa i per tots aquells agents que hi interactuen.\" \/>\n<meta property=\"og:url\" content=\"https:\/\/decolletatgesabadell.com\/contacte\/\" \/>\n<meta property=\"og:site_name\" content=\"Decolletatge Sabadell\" \/>\n<meta property=\"article:modified_time\" content=\"2024-07-01T06:03:40+00:00\" \/>\n<meta property=\"og:image\" content=\"https:\/\/decolletatgesabadell.com\/wp-content\/uploads\/2023\/03\/Materials.jpg\" \/>\n\t<meta property=\"og:image:width\" content=\"1920\" \/>\n\t<meta property=\"og:image:height\" content=\"1281\" \/>\n\t<meta property=\"og:image:type\" content=\"image\/jpeg\" \/>\n<meta name=\"twitter:card\" content=\"summary_large_image\" \/>\n<meta name=\"twitter:label1\" content=\"Tiempo de lectura\" \/>\n\t<meta name=\"twitter:data1\" content=\"1 minuto\" \/>\n<script type=\"application\/ld+json\" class=\"yoast-schema-graph\">{\"@context\":\"https:\\\/\\\/schema.org\",\"@graph\":[{\"@type\":\"WebPage\",\"@id\":\"https:\\\/\\\/decolletatgesabadell.com\\\/contacte\\\/\",\"url\":\"https:\\\/\\\/decolletatgesabadell.com\\\/contacte\\\/\",\"name\":\"Contacto - Decolletatge Sabadell\",\"isPartOf\":{\"@id\":\"https:\\\/\\\/decolletatgesabadell.com\\\/#website\"},\"primaryImageOfPage\":{\"@id\":\"https:\\\/\\\/decolletatgesabadell.com\\\/contacte\\\/#primaryimage\"},\"image\":{\"@id\":\"https:\\\/\\\/decolletatgesabadell.com\\\/contacte\\\/#primaryimage\"},\"thumbnailUrl\":\"https:\\\/\\\/decolletatgesabadell.com\\\/wp-content\\\/uploads\\\/2023\\\/03\\\/Materials.jpg\",\"datePublished\":\"2023-04-14T07:37:47+00:00\",\"dateModified\":\"2024-07-01T06:03:40+00:00\",\"description\":\"La nostra pol\u00edtica de qualitat reflecteix la nostra preocupaci\u00f3 global per l'empresa i per tots aquells agents que hi interactuen.\",\"breadcrumb\":{\"@id\":\"https:\\\/\\\/decolletatgesabadell.com\\\/contacte\\\/#breadcrumb\"},\"inLanguage\":\"es\",\"potentialAction\":[{\"@type\":\"ReadAction\",\"target\":[\"https:\\\/\\\/decolletatgesabadell.com\\\/contacte\\\/\"]}]},{\"@type\":\"ImageObject\",\"inLanguage\":\"es\",\"@id\":\"https:\\\/\\\/decolletatgesabadell.com\\\/contacte\\\/#primaryimage\",\"url\":\"https:\\\/\\\/decolletatgesabadell.com\\\/wp-content\\\/uploads\\\/2023\\\/03\\\/Materials.jpg\",\"contentUrl\":\"https:\\\/\\\/decolletatgesabadell.com\\\/wp-content\\\/uploads\\\/2023\\\/03\\\/Materials.jpg\",\"width\":1920,\"height\":1281},{\"@type\":\"BreadcrumbList\",\"@id\":\"https:\\\/\\\/decolletatgesabadell.com\\\/contacte\\\/#breadcrumb\",\"itemListElement\":[{\"@type\":\"ListItem\",\"position\":1,\"name\":\"Portada\",\"item\":\"https:\\\/\\\/decolletatgesabadell.com\\\/es\\\/\"},{\"@type\":\"ListItem\",\"position\":2,\"name\":\"Contacto\"}]},{\"@type\":\"WebSite\",\"@id\":\"https:\\\/\\\/decolletatgesabadell.com\\\/#website\",\"url\":\"https:\\\/\\\/decolletatgesabadell.com\\\/\",\"name\":\"Decolletate Sabadel S.L.\",\"description\":\"Mecanizados de precisi\u00f3n sorprendentes.\",\"publisher\":{\"@id\":\"https:\\\/\\\/decolletatgesabadell.com\\\/#organization\"},\"alternateName\":\"Mecanizados de Precisi\u00f3n\",\"potentialAction\":[{\"@type\":\"SearchAction\",\"target\":{\"@type\":\"EntryPoint\",\"urlTemplate\":\"https:\\\/\\\/decolletatgesabadell.com\\\/?s={search_term_string}\"},\"query-input\":{\"@type\":\"PropertyValueSpecification\",\"valueRequired\":true,\"valueName\":\"search_term_string\"}}],\"inLanguage\":\"es\"},{\"@type\":\"Organization\",\"@id\":\"https:\\\/\\\/decolletatgesabadell.com\\\/#organization\",\"name\":\"Decolletate Sabadel S.L.\",\"alternateName\":\"Mecanizados de Precisi\u00f3n\",\"url\":\"https:\\\/\\\/decolletatgesabadell.com\\\/\",\"logo\":{\"@type\":\"ImageObject\",\"inLanguage\":\"es\",\"@id\":\"https:\\\/\\\/decolletatgesabadell.com\\\/#\\\/schema\\\/logo\\\/image\\\/\",\"url\":\"https:\\\/\\\/decolletatgesabadell.com\\\/wp-content\\\/uploads\\\/2023\\\/02\\\/LogoDecoSabadell_web.png\",\"contentUrl\":\"https:\\\/\\\/decolletatgesabadell.com\\\/wp-content\\\/uploads\\\/2023\\\/02\\\/LogoDecoSabadell_web.png\",\"width\":500,\"height\":450,\"caption\":\"Decolletate Sabadel S.L.\"},\"image\":{\"@id\":\"https:\\\/\\\/decolletatgesabadell.com\\\/#\\\/schema\\\/logo\\\/image\\\/\"},\"sameAs\":[\"https:\\\/\\\/www.linkedin.com\\\/company\\\/11701969\\\/admin\\\/?feedType=following\",\"https:\\\/\\\/www.youtube.com\\\/@decolletatgesabadell4277\"]}]}<\/script>\n<!-- \/ Yoast SEO plugin. -->","yoast_head_json":{"title":"Contacto - Decolletatge Sabadell","description":"La nostra pol\u00edtica de qualitat reflecteix la nostra preocupaci\u00f3 global per l'empresa i per tots aquells agents que hi interactuen.","robots":{"index":"index","follow":"follow","max-snippet":"max-snippet:-1","max-image-preview":"max-image-preview:large","max-video-preview":"max-video-preview:-1"},"canonical":"https:\/\/decolletatgesabadell.com\/contacte\/","og_locale":"es_ES","og_type":"article","og_title":"Contacto - Decolletatge Sabadell","og_description":"La nostra pol\u00edtica de qualitat reflecteix la nostra preocupaci\u00f3 global per l'empresa i per tots aquells agents que hi interactuen.","og_url":"https:\/\/decolletatgesabadell.com\/contacte\/","og_site_name":"Decolletatge Sabadell","article_modified_time":"2024-07-01T06:03:40+00:00","og_image":[{"width":1920,"height":1281,"url":"https:\/\/decolletatgesabadell.com\/wp-content\/uploads\/2023\/03\/Materials.jpg","type":"image\/jpeg"}],"twitter_card":"summary_large_image","twitter_misc":{"Tiempo de lectura":"1 minuto"},"schema":{"@context":"https:\/\/schema.org","@graph":[{"@type":"WebPage","@id":"https:\/\/decolletatgesabadell.com\/contacte\/","url":"https:\/\/decolletatgesabadell.com\/contacte\/","name":"Contacto - Decolletatge Sabadell","isPartOf":{"@id":"https:\/\/decolletatgesabadell.com\/#website"},"primaryImageOfPage":{"@id":"https:\/\/decolletatgesabadell.com\/contacte\/#primaryimage"},"image":{"@id":"https:\/\/decolletatgesabadell.com\/contacte\/#primaryimage"},"thumbnailUrl":"https:\/\/decolletatgesabadell.com\/wp-content\/uploads\/2023\/03\/Materials.jpg","datePublished":"2023-04-14T07:37:47+00:00","dateModified":"2024-07-01T06:03:40+00:00","description":"La nostra pol\u00edtica de qualitat reflecteix la nostra preocupaci\u00f3 global per l'empresa i per tots aquells agents que hi interactuen.","breadcrumb":{"@id":"https:\/\/decolletatgesabadell.com\/contacte\/#breadcrumb"},"inLanguage":"es","potentialAction":[{"@type":"ReadAction","target":["https:\/\/decolletatgesabadell.com\/contacte\/"]}]},{"@type":"ImageObject","inLanguage":"es","@id":"https:\/\/decolletatgesabadell.com\/contacte\/#primaryimage","url":"https:\/\/decolletatgesabadell.com\/wp-content\/uploads\/2023\/03\/Materials.jpg","contentUrl":"https:\/\/decolletatgesabadell.com\/wp-content\/uploads\/2023\/03\/Materials.jpg","width":1920,"height":1281},{"@type":"BreadcrumbList","@id":"https:\/\/decolletatgesabadell.com\/contacte\/#breadcrumb","itemListElement":[{"@type":"ListItem","position":1,"name":"Portada","item":"https:\/\/decolletatgesabadell.com\/es\/"},{"@type":"ListItem","position":2,"name":"Contacto"}]},{"@type":"WebSite","@id":"https:\/\/decolletatgesabadell.com\/#website","url":"https:\/\/decolletatgesabadell.com\/","name":"Decolletate Sabadel S.L.","description":"Mecanizados de precisi\u00f3n sorprendentes.","publisher":{"@id":"https:\/\/decolletatgesabadell.com\/#organization"},"alternateName":"Mecanizados de Precisi\u00f3n","potentialAction":[{"@type":"SearchAction","target":{"@type":"EntryPoint","urlTemplate":"https:\/\/decolletatgesabadell.com\/?s={search_term_string}"},"query-input":{"@type":"PropertyValueSpecification","valueRequired":true,"valueName":"search_term_string"}}],"inLanguage":"es"},{"@type":"Organization","@id":"https:\/\/decolletatgesabadell.com\/#organization","name":"Decolletate Sabadel S.L.","alternateName":"Mecanizados de Precisi\u00f3n","url":"https:\/\/decolletatgesabadell.com\/","logo":{"@type":"ImageObject","inLanguage":"es","@id":"https:\/\/decolletatgesabadell.com\/#\/schema\/logo\/image\/","url":"https:\/\/decolletatgesabadell.com\/wp-content\/uploads\/2023\/02\/LogoDecoSabadell_web.png","contentUrl":"https:\/\/decolletatgesabadell.com\/wp-content\/uploads\/2023\/02\/LogoDecoSabadell_web.png","width":500,"height":450,"caption":"Decolletate Sabadel S.L."},"image":{"@id":"https:\/\/decolletatgesabadell.com\/#\/schema\/logo\/image\/"},"sameAs":["https:\/\/www.linkedin.com\/company\/11701969\/admin\/?feedType=following","https:\/\/www.youtube.com\/@decolletatgesabadell4277"]}]}},"_links":{"self":[{"href":"https:\/\/decolletatgesabadell.com\/es\/wp-json\/wp\/v2\/pages\/1255","targetHints":{"allow":["GET"]}}],"collection":[{"href":"https:\/\/decolletatgesabadell.com\/es\/wp-json\/wp\/v2\/pages"}],"about":[{"href":"https:\/\/decolletatgesabadell.com\/es\/wp-json\/wp\/v2\/types\/page"}],"author":[{"embeddable":true,"href":"https:\/\/decolletatgesabadell.com\/es\/wp-json\/wp\/v2\/users\/2"}],"replies":[{"embeddable":true,"href":"https:\/\/decolletatgesabadell.com\/es\/wp-json\/wp\/v2\/comments?post=1255"}],"version-history":[{"count":12,"href":"https:\/\/decolletatgesabadell.com\/es\/wp-json\/wp\/v2\/pages\/1255\/revisions"}],"predecessor-version":[{"id":3480,"href":"https:\/\/decolletatgesabadell.com\/es\/wp-json\/wp\/v2\/pages\/1255\/revisions\/3480"}],"wp:featuredmedia":[{"embeddable":true,"href":"https:\/\/decolletatgesabadell.com\/es\/wp-json\/wp\/v2\/media\/1137"}],"wp:attachment":[{"href":"https:\/\/decolletatgesabadell.com\/es\/wp-json\/wp\/v2\/media?parent=1255"}],"curies":[{"name":"wp","href":"https:\/\/api.w.org\/{rel}","templated":true}]}}